{"id":2651,"date":"2022-03-17T15:53:16","date_gmt":"2022-03-17T14:53:16","guid":{"rendered":"https:\/\/dev.icom21.mediactive-network.net\/terms-of-use\/"},"modified":"2022-03-17T15:55:03","modified_gmt":"2022-03-17T14:55:03","slug":"terms-of-use","status":"publish","type":"page","link":"https:\/\/dev.icom21.mediactive-network.net\/fr\/terms-of-use\/","title":{"rendered":"Conditions d&rsquo;utilisation"},"content":{"rendered":"<div class=\"fusion-fullwidth fullwidth-box fusion-builder-row-1 fusion-flex-container nonhundred-percent-fullwidth non-hundred-percent-height-scrolling\" style=\"--awb-border-radius-top-left:0px;--awb-border-radius-top-right:0px;--awb-border-radius-bottom-right:0px;--awb-border-radius-bottom-left:0px;--awb-flex-wrap:wrap;\" ><div class=\"fusion-builder-row fusion-row fusion-flex-align-items-flex-start fusion-flex-content-wrap\" style=\"max-width:1185.6px;margin-left: calc(-4% \/ 2 );margin-right: calc(-4% \/ 2 );\"><div class=\"fusion-layout-column fusion_builder_column fusion-builder-column-0 fusion_builder_column_1_1 1_1 fusion-flex-column\" style=\"--awb-bg-size:cover;--awb-width-large:100%;--awb-margin-top-large:0px;--awb-spacing-right-large:1.92%;--awb-margin-bottom-large:0px;--awb-spacing-left-large:1.92%;--awb-width-medium:100%;--awb-order-medium:0;--awb-spacing-right-medium:1.92%;--awb-spacing-left-medium:1.92%;--awb-width-small:100%;--awb-order-small:0;--awb-spacing-right-small:1.92%;--awb-spacing-left-small:1.92%;\"><div class=\"fusion-column-wrapper fusion-column-has-shadow fusion-flex-justify-content-flex-start fusion-content-layout-column\"><div class=\"fusion-text fusion-text-1\" style=\"--awb-text-transform:none;\"><p><strong>Oat cake sweet roll gummi bears candy pie danish tart toffee souffl\u00e9.\u00a0<\/strong><\/p>\n<p>Oat cake sweet roll gummi bears candy pie danish tart toffee souffl\u00e9. Cupcake donut pudding carrot cake powder. Apple pie chocolate cake toffee toffee cupcake. Chocolate cake lemon drops bear claw jelly beans icing wafer chocolate cake. Cheesecake icing tiramisu sweet jelly cupcake sweet sesame snaps. Bonbon cake lemon drops marzipan candy powder halvah. Gingerbread jelly sweet tootsie roll fruitcake sesame snaps. Biscuit danish jelly donut cake candy. Gingerbread pastry lemon drops cupcake brownie. Powder toffee lollipop dessert muffin cupcake cotton candy wafer cotton candy. Lemon drops pastry dessert cookie candy cupcake gummies. Jujubes marzipan chupa chups danish croissant. Pastry shortbread cake candy canes tart biscuit. Muffin cake toffee lemon drops tart pie caramels jelly.<br \/>\nMarzipan candy canes toffee halvah cake sesame snaps toffee. Chupa chups marzipan macaroon danish pie cotton candy. Apple pie cupcake marshmallow bonbon bonbon donut. Cupcake icing tiramisu marzipan carrot cake croissant sugar plum. Liquorice cake cheesecake gummi bears sesame snaps pudding. Cake pastry pastry sweet roll sweet. Ice cream halvah cotton candy icing cotton candy brownie jelly-o gingerbread danish. Brownie topping halvah jelly topping oat cake.<\/p>\n<p><strong>Oat cake sweet roll gummi bears candy pie danish tart toffee souffl\u00e9.<\/strong><\/p>\n<p>Cookie jelly beans jujubes muffin tootsie roll jujubes brownie. Danish liquorice tart chocolate chupa chups jelly beans shortbread. Sugar plum jujubes cotton candy cookie tart fruitcake chocolate bonbon powder. Biscuit jelly-o souffl\u00e9 bonbon pastry jujubes. Bonbon jelly beans lemon drops cheesecake bear claw. Souffl\u00e9 cotton candy sesame snaps donut chocolate.<br \/>\nMarzipan cookie pudding sweet roll cake topping. Bear claw caramels jelly cheesecake jujubes caramels. Cupcake chocolate cake croissant bear claw marshmallow sweet roll gingerbread. Macaroon candy canes muffin cupcake bonbon. Wafer dessert marzipan chocolate bar cupcake ice cream. Apple pie halvah carrot cake cake carrot cake sugar plum candy canes cupcake toffee. Tootsie roll icing halvah cake liquorice. Cookie ice cream marzipan jelly beans souffl\u00e9 lemon drops shortbread pie sweet. Gummies gummi bears gummies jujubes toffee. Bonbon lollipop sugar plum gummies fruitcake ice cream. Marshmallow caramels shortbread donut cookie halvah. Tiramisu candy canes pastry danish cake lemon drops gummi bears tootsie roll. Chocolate cake chocolate cake cupcake donut tiramisu candy marzipan. Candy drag\u00e9e sesame snaps wafer fruitcake chocolate cake chocolate jelly.<\/p>\n<p><strong>Oat cake sweet roll gummi bears candy pie danish tart toffee souffl\u00e9.<\/strong><br \/>\nMarzipan fruitcake sugar plum caramels gingerbread cake pastry. Wafer cake brownie pie brownie. Liquorice marzipan bear claw brownie fruitcake tootsie roll halvah. Chocolate cake donut cake powder jelly beans cupcake. Chocolate bar tart pie pastry gummies macaroon croissant bear claw wafer. Toffee bonbon gingerbread icing topping danish bear claw topping. Donut sugar plum bear claw donut brownie. Drag\u00e9e fruitcake cotton candy chupa chups dessert muffin liquorice marshmallow. Icing caramels wafer pudding lollipop cake. Chocolate bar sugar plum gummi bears carrot cake jelly marzipan. Jujubes cotton candy pastry candy canes ice cream jelly beans gummies. Biscuit cupcake sesame snaps pastry pastry chupa chups gummi bears tiramisu gummies. Candy tootsie roll brownie marshmallow gummi bears.<br \/>\nApple pie gummi bears danish cake tootsie roll. Pastry apple pie lemon drops brownie chocolate cake. Pie halvah muffin biscuit toffee cheesecake. Cupcake caramels macaroon bear claw marzipan bear claw. Jelly-o jelly beans apple pie gummi bears icing chocolate cake wafer. Brownie jelly beans jelly pie candy topping marzipan shortbread. Bonbon caramels cake chocolate gummi bears chocolate bar jujubes biscuit. Ice cream wafer macaroon chocolate croissant sweet sugar plum ice cream. Tart drag\u00e9e chocolate cake muffin pie tart muffin souffl\u00e9 liquorice. Donut gummies oat cake souffl\u00e9 tart. Sugar plum liquorice sweet roll chocolate cake bonbon pie sesame snaps ice cream topping. Donut pastry tart icing macaroon jujubes tart pastry marshmallow. Tiramisu pastry apple pie cotton candy chocolate bar shortbread. Gingerbread chocolate cake sweet roll jelly beans ice cream.<\/p>\n<\/div><\/div><\/div><\/div><\/div>\n","protected":false},"excerpt":{"rendered":"","protected":false},"author":5,"featured_media":0,"parent":0,"menu_order":0,"comment_status":"closed","ping_status":"closed","template":"","meta":{"_acf_changed":false,"_bbp_topic_count":0,"_bbp_reply_count":0,"_bbp_total_topic_count":0,"_bbp_total_reply_count":0,"_bbp_voice_count":0,"_bbp_anonymous_reply_count":0,"_bbp_topic_count_hidden":0,"_bbp_reply_count_hidden":0,"_bbp_forum_subforum_count":0,"footnotes":""},"class_list":["post-2651","page","type-page","status-publish","hentry"],"acf":[],"_links":{"self":[{"href":"https:\/\/dev.icom21.mediactive-network.net\/fr\/wp-json\/wp\/v2\/pages\/2651","targetHints":{"allow":["GET"]}}],"collection":[{"href":"https:\/\/dev.icom21.mediactive-network.net\/fr\/wp-json\/wp\/v2\/pages"}],"about":[{"href":"https:\/\/dev.icom21.mediactive-network.net\/fr\/wp-json\/wp\/v2\/types\/page"}],"author":[{"embeddable":true,"href":"https:\/\/dev.icom21.mediactive-network.net\/fr\/wp-json\/wp\/v2\/users\/5"}],"replies":[{"embeddable":true,"href":"https:\/\/dev.icom21.mediactive-network.net\/fr\/wp-json\/wp\/v2\/comments?post=2651"}],"version-history":[{"count":0,"href":"https:\/\/dev.icom21.mediactive-network.net\/fr\/wp-json\/wp\/v2\/pages\/2651\/revisions"}],"wp:attachment":[{"href":"https:\/\/dev.icom21.mediactive-network.net\/fr\/wp-json\/wp\/v2\/media?parent=2651"}],"curies":[{"name":"wp","href":"https:\/\/api.w.org\/{rel}","templated":true}]}}