{"id":2645,"date":"2022-03-17T15:45:09","date_gmt":"2022-03-17T14:45:09","guid":{"rendered":"https:\/\/dev.icom21.mediactive-network.net\/privacy-policy\/"},"modified":"2022-07-05T14:38:25","modified_gmt":"2022-07-05T12:38:25","slug":"politica-de-privacidad","status":"publish","type":"page","link":"https:\/\/dev.icom21.mediactive-network.net\/es\/politica-de-privacidad\/","title":{"rendered":"Politica de Privacidad"},"content":{"rendered":"<div class=\"fusion-fullwidth fullwidth-box fusion-builder-row-1 fusion-flex-container nonhundred-percent-fullwidth non-hundred-percent-height-scrolling\" style=\"--awb-border-radius-top-left:0px;--awb-border-radius-top-right:0px;--awb-border-radius-bottom-right:0px;--awb-border-radius-bottom-left:0px;--awb-flex-wrap:wrap;\" ><div class=\"fusion-builder-row fusion-row fusion-flex-align-items-flex-start fusion-flex-content-wrap\" style=\"max-width:1185.6px;margin-left: calc(-4% \/ 2 );margin-right: calc(-4% \/ 2 );\"><div class=\"fusion-layout-column fusion_builder_column fusion-builder-column-0 fusion_builder_column_1_1 1_1 fusion-flex-column\" style=\"--awb-bg-size:cover;--awb-width-large:100%;--awb-margin-top-large:0px;--awb-spacing-right-large:1.92%;--awb-margin-bottom-large:0px;--awb-spacing-left-large:1.92%;--awb-width-medium:100%;--awb-spacing-right-medium:1.92%;--awb-spacing-left-medium:1.92%;--awb-width-small:100%;--awb-spacing-right-small:1.92%;--awb-spacing-left-small:1.92%;\"><div class=\"fusion-column-wrapper fusion-flex-justify-content-flex-start fusion-content-layout-column\"><div class=\"fusion-title title fusion-title-1 fusion-sep-none fusion-title-center fusion-title-text fusion-title-size-one\" style=\"--awb-margin-bottom:30px;\"><h1 class=\"fusion-title-heading title-heading-center\" style=\"margin:0;\">ICOM &#8211; Pol\u00edtica de privacidad de AGORA<\/h1><\/div><div class=\"fusion-text fusion-text-1\"><p><strong>\u00daltima actualizaci\u00f3n: 28 \/03\/2022<br \/>\n<\/strong><br \/>\nLa presente pol\u00edtica establece la forma en que ICOM (en adelante \u00abICOM\u00bb, \u00abnosotros\u00bb, \u00abnos\u00bb, \u00abnuestro\u00bb), como responsable del tratamiento, usa y protege los datos personales que usted (en adelante \u00abusted\u00bb, \u00absu\u00bb) le proporciona cuando se registra y utiliza la plataforma AGORA (en adelante la \u00abPlataforma\u00bb).<br \/>\nEl ICOM se compromete a proteger los datos personales y a respetar la privacidad de acuerdo con la legislaci\u00f3n vigente y, en particular, con las disposiciones de la Ley francesa de protecci\u00f3n de datos (Loi informatique et libert\u00e9s), conocida como \u00abInformatique et libert\u00e9s\u00bb, n\u00ba 78-17 de 6 de enero de 1978, modificada, y el Reglamento (UE) 2016\/679 de 27 de abril de 2016, conocido como \u00abRGPD\u00bb. El ICOM ha nombrado un responsable de la protecci\u00f3n de datos (RPD) en la Comisi\u00f3n Nacional de Inform\u00e1tica y Libertades (CNIL \u2013 Commission Nationale de l\u2019Informatique et des Libert\u00e9s ) de Francia.<br \/>\nEl ICOM puede modificar esta Pol\u00edtica de Privacidad de vez en cuando y publicar\u00e1 la versi\u00f3n modificada en la Plataforma. El ICOM le anima a que revise peri\u00f3dicamente esta pol\u00edtica de privacidad en esta p\u00e1gina para conocer las actualizaciones.<\/p>\n<p><strong>\u00bfQUI\u00c9N RECOGE SUS DATOS PERSONALES?<\/strong><br \/>\nSus datos personales pueden ser recogidos por el ICOM con el fin de proporcionarle los servicios realizados por y a trav\u00e9s de la Plataforma, como la gesti\u00f3n de eventos o reuniones, incluyendo :<br \/>\n&#8211; Grabaci\u00f3n de eventos o reuniones ;<br \/>\n&#8211; Recordatorio de eventos o reuniones ;<br \/>\n&#8211; Servicios de intercambio de documentos ;<br \/>\n&#8211; Acceso a los servicios de videoconferencia ;<br \/>\n&#8211; Servicios de recuento de asistencia (qu\u00f3rum) y certificaci\u00f3n de asistencia ;<br \/>\n&#8211; Acceso a una plataforma de votaci\u00f3n ;<br \/>\n&#8211; Acceso a una plataforma de streaming para reproducir reuniones o eventos.<br \/>\nLos datos personales recogidos y tratados por y a trav\u00e9s de la Plataforma est\u00e1n alojados en la Uni\u00f3n Europea.<br \/>\nLa Plataforma puede albergar enlaces a servicios de terceros, incluidos servicios de videoconferencia, servicios de votaci\u00f3n en l\u00ednea, servicios de streaming. Llamamos su atenci\u00f3n sobre el hecho de que el uso de estos servicios puede permitir la recogida de datos personales. Para conocer las condiciones de uso de estos datos, le invitamos a leer las pol\u00edticas de confidencialidad de los proveedores de servicios en cuesti\u00f3n, accesibles en sus sitios web.<\/p>\n<p><strong>\u00bfQU\u00c9 DATOS RECOGEMOS?<\/strong><br \/>\nEl ICOM no recoge datos sin su conocimiento y s\u00f3lo recoge los datos personales estrictamente necesarios para los fines descritos en esta pol\u00edtica de privacidad. Para ello, el ICOM recoge la siguiente informaci\u00f3n:<br \/>\n\u2013 Cuando utilice la Plataforma (incluyendo el \u00e1rea de miembros): s\u00f3lo se recoger\u00e1 la fecha y hora de su \u00faltima visita.<\/p>\n<p>\u2013 Al registrarse en el sitio web :<br \/>\n\u2022 Apellido, nombre ;<br \/>\n\u2022 Cargo\/cualificaci\u00f3n en el ICOM ;<br \/>\n\u2022 N\u00famero de miembro del ICOM ;<br \/>\n\u2022 Grupo de trabajo sobre la afiliaci\u00f3n ;<br \/>\n\u2022 Datos de contacto profesionales: correo electr\u00f3nico ;<br \/>\n\u2013 Cuando se utiliza el :<br \/>\n\u2022 Apellido, nombre ;<br \/>\n\u2022 Cargo\/cualificaci\u00f3n en el ICOM ;<br \/>\n\u2022 N\u00famero de miembro del ICOM ;<br \/>\n\u2022 Grupo de trabajo sobre la afiliaci\u00f3n ;<br \/>\n\u2022 Datos de contacto profesionales: correo electr\u00f3nico ;<br \/>\n\u2022 Inscripci\u00f3n en eventos, participaci\u00f3n en eventos ;<br \/>\n&#8211; Asistencia t\u00e9cnica :<br \/>\n\u2022 Informaci\u00f3n sobre los tickets de problemas o el env\u00edo de comentarios sobre la plataforma.<br \/>\n\u2022 Datos relativos al uso de la Plataforma (control de rendimiento, datos de conexi\u00f3n y acceso, etc.)<\/p>\n<p><strong>\u00bfCU\u00c1L ES LA FINALIDAD DE LA INFORMACI\u00d3N RECOGIDA?<\/strong><br \/>\nUtilizamos la informaci\u00f3n que recopilamos sobre usted para prestar los servicios que ofrece la Plataforma y para los siguientes fines<br \/>\n\u2022 Para gestionar los eventos y reuniones organizados por el ICOM: inscribirse en los eventos o reuniones, comunicar los detalles de los eventos o reuniones a los que se ha inscrito (fecha, temas, \u00f3rdenes del d\u00eda, documentos de trabajo, si est\u00e1 prevista una votaci\u00f3n o no, enlace para conectarse a la videoconferencia y\/o a la plataforma de votaci\u00f3n, etc.), enviar recordatorios (correos electr\u00f3nicos) sobre los eventos o reuniones a los que se ha inscrito, compartir documentos relacionados con los eventos o reuniones a los que se ha inscrito..;<br \/>\n\u2022 Para proporcionarle acceso a servicios de terceros relacionados con los eventos y reuniones del ICOM y para facilitarle el acceso a estos servicios (servicios de videoconferencia, plataforma de votaci\u00f3n en l\u00ednea, plataforma de streaming);<br \/>\n\u2022 Para medir la participaci\u00f3n en eventos o reuniones (recuento de qu\u00f3rum);<br \/>\n\u2022 Responder a sus solicitudes de informaci\u00f3n y ponernos en contacto con usted para responder a su solicitud o sugerencia;<br \/>\n\u2022 Proporcionar apoyo t\u00e9cnico ;<br \/>\n\u2022 Gestionar las cuentas de los miembros de la plataforma Agora;<br \/>\nPodemos utilizar sus datos personales cuando sea necesario para cumplir con una obligaci\u00f3n legal o reglamentaria.<\/p>\n<p><strong>\u00bfA QUI\u00c9N SE REVELAN SUS DATOS PERSONALES?<\/strong><br \/>\nRestringimos el acceso a su informaci\u00f3n a aquellos empleados que necesitan utilizarla. Tienen la obligaci\u00f3n de proteger sus datos y mantener la confidencialidad.<br \/>\nTambi\u00e9n podemos revelar sus datos personales a nuestros socios para poder cumplir los fines establecidos en esta Pol\u00edtica de Privacidad, incluido nuestro proveedor de servicios inform\u00e1ticos. En cualquier caso, nuestros socios s\u00f3lo recibir\u00e1n la informaci\u00f3n personal que sea necesaria para la prestaci\u00f3n de los servicios correspondientes y no se les permitir\u00e1 utilizar dichos datos personales en un contexto distinto al del servicio en cuesti\u00f3n, ni para ning\u00fan otro fin que no sea aquel para el que se recogieron los datos.<br \/>\nEn cualquier caso, no transmitiremos sus datos personales a terceros sin su consentimiento previo, salvo que la comunicaci\u00f3n de dichos datos sea exigida por la normativa vigente, en particular a petici\u00f3n de la autoridad judicial de acuerdo con las disposiciones legales.<\/p>\n<p><strong>\u00bfSE TRANSFIEREN SUS DATOS PERSONALES A TERCEROS PA\u00cdSES?<\/strong><br \/>\nSus datos personales est\u00e1n alojados en el ICOM dentro de la Uni\u00f3n Europea.<br \/>\nSin embargo, sus datos personales pueden ser transferidos a nuestros socios autorizados y proveedores de servicios t\u00e9cnicos que pueden estar ubicados fuera del Espacio Econ\u00f3mico Europeo. En este caso, el ICOM se asegura de que estos destinatarios ofrezcan un nivel adecuado de protecci\u00f3n de datos y de que se establezcan las garant\u00edas apropiadas antes de cualquier transferencia.<\/p>\n<p><strong>\u00bfCU\u00c1NTO TIEMPO CONSERVAMOS LOS DATOS PERSONALES?<\/strong><br \/>\nLa informaci\u00f3n recopilada en la Plataforma se conserva durante un per\u00edodo limitado a los fines para los que se recopil\u00f3, y hasta que usted ejerza sus derechos tal y como se definen a continuaci\u00f3n.<br \/>\nNo obstante, podemos conservar algunos de sus datos personales durante un per\u00edodo de tiempo m\u00e1s largo, con el \u00fanico fin de cumplir con cualquier obligaci\u00f3n legal, o para responder a cualquier consulta o queja que se nos haga despu\u00e9s de que usted haya dejado de utilizar la Plataforma.<\/p>\n<p><strong>SEGURIDAD Y CONFIDENCIALIDAD DE LOS DATOS PERSONALES<\/strong><br \/>\nNos tomamos muy en serio la seguridad de sus datos y nos esforzamos por proteger todos los datos recogidos. En particular, nos esforzamos por evitar que sus datos sean distorsionados, da\u00f1ados o accedidos por terceros no autorizados.<br \/>\nPor ello, hemos puesto en marcha medidas de protecci\u00f3n para garantizar la confidencialidad, seguridad e integridad de sus datos. Por ejemplo, nos aseguramos de que el acceso a los datos est\u00e9 limitado a aquellos de nuestros empleados que han sido formados para respetar las normas de confidencialidad. Tambi\u00e9n nos comprometemos a almacenar sus datos en entornos operativos seguros. Estas medidas tienen en cuenta la sensibilidad de los datos que recogemos, procesamos y almacenamos y el estado actual de la tecnolog\u00eda.<br \/>\nSin embargo, ning\u00fan m\u00e9todo de transmisi\u00f3n por Internet o de almacenamiento electr\u00f3nico es 100% seguro. Por lo tanto, aunque hacemos todo lo posible para proteger sus datos personales, no podemos controlar los riesgos asociados al funcionamiento de Internet y llamamos su atenci\u00f3n sobre la posibilidad de p\u00e9rdida ocasional de datos o de violaci\u00f3n de la confidencialidad de los datos que transitan por esta red. En cualquier circunstancia, nos comprometemos a notificar cualquier violaci\u00f3n de los datos personales lo antes posible y, si es posible, a m\u00e1s tardar 72 horas despu\u00e9s de tener conocimiento de ella, de conformidad con los art\u00edculos 33 y 34 del GDPR. Del mismo modo, es su responsabilidad proteger la seguridad de su cuenta, su nombre de usuario y su contrase\u00f1a.<br \/>\nSi cree que un tercero conoce su contrase\u00f1a o la ha cambiado, o si cree que un tercero puede tener acceso a la direcci\u00f3n de correo electr\u00f3nico asociada a su cuenta, notif\u00edquelo a ICOM sin demora poni\u00e9ndose en contacto con nosotros en la siguiente direcci\u00f3n: por correo (ICOM (RPD), 15 rue Lasson, Par\u00eds (Francia)) o por correo electr\u00f3nico en la siguiente direcci\u00f3n rgpd@icom.museum.<\/p>\n<p><strong>QU\u00c9 DERECHOS TIENE USTED EN RELACI\u00d3N CON SUS DATOS PERSONALES<\/strong><br \/>\nDe acuerdo con la legislaci\u00f3n vigente, usted tiene derecho a acceder, rectificar y suprimir sus datos personales, as\u00ed como el derecho a limitar el tratamiento y el derecho a la portabilidad de sus datos.<br \/>\nTambi\u00e9n tiene derecho a oponerse -por motivos leg\u00edtimos- al tratamiento de sus datos por parte del ICOM, a retirar su consentimiento cuando el tratamiento de sus datos personales se base en esta base jur\u00eddica, y a presentar una reclamaci\u00f3n ante la Comisi\u00f3n Nacional de Inform\u00e1tica y Libertades (CNIL).<br \/>\nEstos derechos pueden ejercerse poni\u00e9ndose en contacto con nosotros en la siguiente direcci\u00f3n: por correo (ICOM (RPD), 15 rue Lasson, 75012 Par\u00eds (Francia)) o por correo electr\u00f3nico en la siguiente direcci\u00f3n <a href=\"mailto:rgpd@icom.museum\">rgpd@icom.museum<\/a>.<\/p>\n<p><strong>\u00bfCU\u00c1LES SON SUS OBLIGACIONES?<\/strong><br \/>\nComo usuario de la Plataforma ICOM, est\u00e1 obligado a cumplir la legislaci\u00f3n vigente en materia de protecci\u00f3n de datos personales. En particular, con respecto a la informaci\u00f3n personal a la que tiene acceso, debe abstenerse de cualquier recopilaci\u00f3n, de cualquier uso indebido y, en general, de cualquier acto que pueda infringir la privacidad, los derechos y las libertades fundamentales.<\/p>\n<p><strong>CONTACTO ICOM<\/strong><br \/>\nSi tiene alguna pregunta o queja sobre esta pol\u00edtica de privacidad, puede ponerse en contacto con nosotros en l\u00ednea o por correo en la siguiente direcci\u00f3n: por correo (ICOM (DPD), 15 rue Lasson, 75012 Par\u00eds (Francia)) o por correo electr\u00f3nico en la siguiente direcci\u00f3n <a href=\"mailto:rgpd@icom.museum\">rgpd@icom.museum<\/a>.<\/p>\n<\/div><\/div><\/div><\/div><\/div>\n","protected":false},"excerpt":{"rendered":"","protected":false},"author":5,"featured_media":0,"parent":0,"menu_order":0,"comment_status":"closed","ping_status":"closed","template":"","meta":{"_acf_changed":false,"_bbp_topic_count":0,"_bbp_reply_count":0,"_bbp_total_topic_count":0,"_bbp_total_reply_count":0,"_bbp_voice_count":0,"_bbp_anonymous_reply_count":0,"_bbp_topic_count_hidden":0,"_bbp_reply_count_hidden":0,"_bbp_forum_subforum_count":0,"footnotes":""},"class_list":["post-2645","page","type-page","status-publish","hentry"],"acf":[],"_links":{"self":[{"href":"https:\/\/dev.icom21.mediactive-network.net\/es\/wp-json\/wp\/v2\/pages\/2645","targetHints":{"allow":["GET"]}}],"collection":[{"href":"https:\/\/dev.icom21.mediactive-network.net\/es\/wp-json\/wp\/v2\/pages"}],"about":[{"href":"https:\/\/dev.icom21.mediactive-network.net\/es\/wp-json\/wp\/v2\/types\/page"}],"author":[{"embeddable":true,"href":"https:\/\/dev.icom21.mediactive-network.net\/es\/wp-json\/wp\/v2\/users\/5"}],"replies":[{"embeddable":true,"href":"https:\/\/dev.icom21.mediactive-network.net\/es\/wp-json\/wp\/v2\/comments?post=2645"}],"version-history":[{"count":0,"href":"https:\/\/dev.icom21.mediactive-network.net\/es\/wp-json\/wp\/v2\/pages\/2645\/revisions"}],"wp:attachment":[{"href":"https:\/\/dev.icom21.mediactive-network.net\/es\/wp-json\/wp\/v2\/media?parent=2645"}],"curies":[{"name":"wp","href":"https:\/\/api.w.org\/{rel}","templated":true}]}}